{"id":617,"date":"2025-11-17T17:10:09","date_gmt":"2025-11-17T17:10:09","guid":{"rendered":"https:\/\/freiburgerbsv.de\/?page_id=617"},"modified":"2026-03-18T20:11:28","modified_gmt":"2026-03-18T20:11:28","slug":"veranstaltungsrueckblicke","status":"publish","type":"page","link":"https:\/\/freiburgerbsv.de\/index.php\/veranstaltungsrueckblicke\/","title":{"rendered":"Galerie"},"content":{"rendered":"<p><span style=\"font-size: 18pt; color: #008000;\"><strong>9. November 2025: Eindr\u00fccke vom Gro\u00dftauschtag in Emmendingen<\/strong><\/span><\/p>\n<p><span style=\"font-size: 14pt;\">Am Sonntag, den 9. November, verwandelte sich die Fritz-Boehle-Halle in Emmendingen in ein kleines Paradies f\u00fcr Philatelisten. F\u00fcr die Mitglieder des Emmendinger Briefmarkenvereins markierte der Gro\u00dftauschtag den H\u00f6hepunkt des Jahres \u2013 ein Ereignis, dessen sorgf\u00e4ltige Vorbereitung bereits Monate zuvor begann und viel Engagement erforderte. Auch f\u00fcr das leibliche Wohl war gesorgt: Kaffee und eine reichliche Auswahl verschiedener Kuchen sowie gek\u00fchlte Getr\u00e4nke, Wurst und K\u00e4sewecken und, der Renner, hei\u00dfe Bockwurst mit Br\u00f6tchen.<\/span><\/p>\n<p><span style=\"font-size: 14pt;\">Zahlreiche H\u00e4ndler pr\u00e4sentierten auf ihren Verkaufstischen ein breites Spektrum an Kostbarkeiten: Briefmarken, Briefe, Karten, Alben und historische Belege \u2013 jedes St\u00fcck ein Fenster in eine andere Zeit. Erg\u00e4nzt wurde das Programm durch eine erfolgreiche Briefmarkenauktion sowie eine Tombola mit dem Motto \u201ejedes Los gewinnt\u201c. In einer beeindruckenden Ausstellung zeigten Vereinsmitglieder auf 320 Schautafeln Einblicke in ihre Sammlungen. Die Themen reichten von \u201eFu\u00dfballweltmeisterschaften von 1930 bis 1990\u201c \u00fcber \u201eIrrt\u00fcmer auf Briefmarken\u201c bis hin zu \u201eDeutsche Einheit\u201c und \u201eMaritime Stempel\u201c.<\/span><\/p>\n<p><span style=\"font-size: 14pt;\">Ein Gro\u00dftauschtag ist und bleibt nicht nur ein Ort des Sammelns und Austauschens, sondern auch ein lebendiger Ausdruck gelebter Gemeinschaft. Die Veranstaltung zeigte eindrucksvoll, wie verbindend und inspirierend das Hobby der Philatelie sein kann \u2013 gerade in Zeiten, in denen pers\u00f6nliche Begegnungen wieder an Bedeutung gewinnen. So bleibt der Tauschtag ein wunderbarer Beweis daf\u00fcr, wie Briefmarken Menschen miteinander in Kontakt bringen.<\/span><\/p>\n<div id=\"envira-gallery-wrap-1404\" class=\"envira-gallery-wrap envira-gallery-theme-base envira-lightbox-theme-base\" itemscope itemtype=\"https:\/\/schema.org\/ImageGallery\"><div data-row-height=\"\" data-gallery-theme=\"\" id=\"envira-gallery-1404\" class=\"envira-gallery-public  envira-gallery-2-columns envira-clear enviratope envira-gallery-css-animations\" data-envira-columns=\"2\"><div id=\"envira-gallery-item-635\" class=\"envira-gallery-item enviratope-item envira-gallery-item-1 envira-lazy-load\" style=\"padding-left: 8px; padding-bottom: 15px; padding-right: 8px;\"  itemscope itemtype=\"https:\/\/schema.org\/ImageObject\"><div class=\"envira-gallery-item-inner\"><div class=\"envira-gallery-position-overlay  envira-gallery-top-left\"><\/div><div class=\"envira-gallery-position-overlay  envira-gallery-top-right\"><\/div><div class=\"envira-gallery-position-overlay  envira-gallery-bottom-left\"><\/div><div class=\"envira-gallery-position-overlay  envira-gallery-bottom-right\"><\/div><a href=\"https:\/\/freiburgerbsv.de\/wp-content\/uploads\/2025\/11\/Emmendingen_TT_9-Nov-2024-14.jpg\" class=\"envira-gallery-1404 envira-gallery-link\" rel=\"enviragallery1404\" title=\"Emmendingen_TT_9-Nov-2024 (14)\" data-envira-caption=\"Emmendingen_TT_9-Nov-2024 (14)\" data-envira-retina=\"\" data-thumbnail=\"\"  itemprop=\"contentUrl\"><div class=\"envira-lazy\" data-test-width=\"640\" data-test-height=\"480\" style=\"padding-bottom:75%;\"><img decoding=\"async\" id=\"envira-gallery-image-635\" class=\"envira-gallery-image envira-gallery-image-1\" data-envira-index=\"1\" src=\"https:\/\/freiburgerbsv.de\/wp-content\/uploads\/2025\/11\/Emmendingen_TT_9-Nov-2024-14-1024x768-640x480.jpg\" data-envira-src=\"https:\/\/freiburgerbsv.de\/wp-content\/uploads\/2025\/11\/Emmendingen_TT_9-Nov-2024-14-1024x768-640x480.jpg\" data-envira-gallery-id=\"1404\" data-envira-item-id=\"635\" data-envira-caption=\"Emmendingen_TT_9-Nov-2024 (14)\" alt=\"\" title=\"Emmendingen_TT_9-Nov-2024 (14)\" itemprop=\"thumbnailUrl\" data-envira-srcset=\"https:\/\/freiburgerbsv.de\/wp-content\/uploads\/2025\/11\/Emmendingen_TT_9-Nov-2024-14-1024x768-640x480.jpg 400w,https:\/\/freiburgerbsv.de\/wp-content\/uploads\/2025\/11\/Emmendingen_TT_9-Nov-2024-14-1024x768-640x480.jpg 2x\" srcset=\"data:image\/gif;base64,R0lGODlhAQABAIAAAP\/\/\/\/\/\/\/yH5BAEKAAEALAAAAAABAAEAAAICTAEAOw==\" data-envira-><\/div><\/a><\/div><\/div><div id=\"envira-gallery-item-634\" class=\"envira-gallery-item enviratope-item envira-gallery-item-2 envira-lazy-load\" style=\"padding-left: 8px; padding-bottom: 15px; padding-right: 8px;\"  itemscope itemtype=\"https:\/\/schema.org\/ImageObject\"><div class=\"envira-gallery-item-inner\"><div class=\"envira-gallery-position-overlay  envira-gallery-top-left\"><\/div><div class=\"envira-gallery-position-overlay  envira-gallery-top-right\"><\/div><div class=\"envira-gallery-position-overlay  envira-gallery-bottom-left\"><\/div><div class=\"envira-gallery-position-overlay  envira-gallery-bottom-right\"><\/div><a href=\"https:\/\/freiburgerbsv.de\/wp-content\/uploads\/2025\/11\/Emmendingen_TT_9-Nov-2024-13.jpg\" class=\"envira-gallery-1404 envira-gallery-link\" rel=\"enviragallery1404\" title=\"Emmendingen_TT_9-Nov-2024 (13)\" data-envira-caption=\"Emmendingen_TT_9-Nov-2024 (13)\" data-envira-retina=\"\" data-thumbnail=\"\"  itemprop=\"contentUrl\"><div class=\"envira-lazy\" data-test-width=\"640\" data-test-height=\"480\" style=\"padding-bottom:75%;\"><img decoding=\"async\" id=\"envira-gallery-image-634\" class=\"envira-gallery-image envira-gallery-image-2\" data-envira-index=\"2\" src=\"https:\/\/freiburgerbsv.de\/wp-content\/uploads\/2025\/11\/Emmendingen_TT_9-Nov-2024-13-1024x768-640x480.jpg\" data-envira-src=\"https:\/\/freiburgerbsv.de\/wp-content\/uploads\/2025\/11\/Emmendingen_TT_9-Nov-2024-13-1024x768-640x480.jpg\" data-envira-gallery-id=\"1404\" data-envira-item-id=\"634\" data-envira-caption=\"Emmendingen_TT_9-Nov-2024 (13)\" alt=\"\" title=\"Emmendingen_TT_9-Nov-2024 (13)\" itemprop=\"thumbnailUrl\" data-envira-srcset=\"https:\/\/freiburgerbsv.de\/wp-content\/uploads\/2025\/11\/Emmendingen_TT_9-Nov-2024-13-1024x768-640x480.jpg 400w,https:\/\/freiburgerbsv.de\/wp-content\/uploads\/2025\/11\/Emmendingen_TT_9-Nov-2024-13-1024x768-640x480.jpg 2x\" srcset=\"data:image\/gif;base64,R0lGODlhAQABAIAAAP\/\/\/\/\/\/\/yH5BAEKAAEALAAAAAABAAEAAAICTAEAOw==\" data-envira-><\/div><\/a><\/div><\/div><div id=\"envira-gallery-item-632\" class=\"envira-gallery-item enviratope-item envira-gallery-item-3 envira-lazy-load\" style=\"padding-left: 8px; padding-bottom: 15px; padding-right: 8px;\"  itemscope itemtype=\"https:\/\/schema.org\/ImageObject\"><div class=\"envira-gallery-item-inner\"><div class=\"envira-gallery-position-overlay  envira-gallery-top-left\"><\/div><div class=\"envira-gallery-position-overlay  envira-gallery-top-right\"><\/div><div class=\"envira-gallery-position-overlay  envira-gallery-bottom-left\"><\/div><div class=\"envira-gallery-position-overlay  envira-gallery-bottom-right\"><\/div><a href=\"https:\/\/freiburgerbsv.de\/wp-content\/uploads\/2025\/11\/Emmendingen_TT_9-Nov-2024-11.jpg\" class=\"envira-gallery-1404 envira-gallery-link\" rel=\"enviragallery1404\" title=\"Emmendingen_TT_9-Nov-2024 (11)\" data-envira-caption=\"Emmendingen_TT_9-Nov-2024 (11)\" data-envira-retina=\"\" data-thumbnail=\"\"  itemprop=\"contentUrl\"><div class=\"envira-lazy\" data-test-width=\"640\" data-test-height=\"480\" style=\"padding-bottom:75%;\"><img decoding=\"async\" id=\"envira-gallery-image-632\" class=\"envira-gallery-image envira-gallery-image-3\" data-envira-index=\"3\" src=\"https:\/\/freiburgerbsv.de\/wp-content\/uploads\/2025\/11\/Emmendingen_TT_9-Nov-2024-11-1024x768-640x480.jpg\" data-envira-src=\"https:\/\/freiburgerbsv.de\/wp-content\/uploads\/2025\/11\/Emmendingen_TT_9-Nov-2024-11-1024x768-640x480.jpg\" data-envira-gallery-id=\"1404\" data-envira-item-id=\"632\" data-envira-caption=\"Emmendingen_TT_9-Nov-2024 (11)\" alt=\"\" title=\"Emmendingen_TT_9-Nov-2024 (11)\" itemprop=\"thumbnailUrl\" data-envira-srcset=\"https:\/\/freiburgerbsv.de\/wp-content\/uploads\/2025\/11\/Emmendingen_TT_9-Nov-2024-11-1024x768-640x480.jpg 400w,https:\/\/freiburgerbsv.de\/wp-content\/uploads\/2025\/11\/Emmendingen_TT_9-Nov-2024-11-1024x768-640x480.jpg 2x\" srcset=\"data:image\/gif;base64,R0lGODlhAQABAIAAAP\/\/\/\/\/\/\/yH5BAEKAAEALAAAAAABAAEAAAICTAEAOw==\" data-envira-><\/div><\/a><\/div><\/div><div id=\"envira-gallery-item-626\" class=\"envira-gallery-item enviratope-item envira-gallery-item-4 envira-lazy-load\" style=\"padding-left: 8px; padding-bottom: 15px; padding-right: 8px;\"  itemscope itemtype=\"https:\/\/schema.org\/ImageObject\"><div class=\"envira-gallery-item-inner\"><div class=\"envira-gallery-position-overlay  envira-gallery-top-left\"><\/div><div class=\"envira-gallery-position-overlay  envira-gallery-top-right\"><\/div><div class=\"envira-gallery-position-overlay  envira-gallery-bottom-left\"><\/div><div class=\"envira-gallery-position-overlay  envira-gallery-bottom-right\"><\/div><a href=\"https:\/\/freiburgerbsv.de\/wp-content\/uploads\/2025\/11\/Emmendingen_TT_9-Nov-2024-5-scaled.jpg\" class=\"envira-gallery-1404 envira-gallery-link\" rel=\"enviragallery1404\" title=\"Emmendingen_TT_9-Nov-2024 (5)\" data-envira-caption=\"Emmendingen_TT_9-Nov-2024 (5)\" data-envira-retina=\"\" data-thumbnail=\"\"  itemprop=\"contentUrl\"><div class=\"envira-lazy\" data-test-width=\"640\" data-test-height=\"480\" style=\"padding-bottom:75%;\"><img decoding=\"async\" id=\"envira-gallery-image-626\" class=\"envira-gallery-image envira-gallery-image-4\" data-envira-index=\"4\" src=\"https:\/\/freiburgerbsv.de\/wp-content\/uploads\/2025\/11\/Emmendingen_TT_9-Nov-2024-5-1024x768-640x480.jpg\" data-envira-src=\"https:\/\/freiburgerbsv.de\/wp-content\/uploads\/2025\/11\/Emmendingen_TT_9-Nov-2024-5-1024x768-640x480.jpg\" data-envira-gallery-id=\"1404\" data-envira-item-id=\"626\" data-envira-caption=\"Emmendingen_TT_9-Nov-2024 (5)\" alt=\"\" title=\"Emmendingen_TT_9-Nov-2024 (5)\" itemprop=\"thumbnailUrl\" data-envira-srcset=\"https:\/\/freiburgerbsv.de\/wp-content\/uploads\/2025\/11\/Emmendingen_TT_9-Nov-2024-5-1024x768-640x480.jpg 400w,https:\/\/freiburgerbsv.de\/wp-content\/uploads\/2025\/11\/Emmendingen_TT_9-Nov-2024-5-1024x768-640x480.jpg 2x\" srcset=\"data:image\/gif;base64,R0lGODlhAQABAIAAAP\/\/\/\/\/\/\/yH5BAEKAAEALAAAAAABAAEAAAICTAEAOw==\" data-envira-><\/div><\/a><\/div><\/div><div id=\"envira-gallery-item-629\" class=\"envira-gallery-item enviratope-item envira-gallery-item-5 envira-lazy-load\" style=\"padding-left: 8px; padding-bottom: 15px; padding-right: 8px;\"  itemscope itemtype=\"https:\/\/schema.org\/ImageObject\"><div class=\"envira-gallery-item-inner\"><div class=\"envira-gallery-position-overlay  envira-gallery-top-left\"><\/div><div class=\"envira-gallery-position-overlay  envira-gallery-top-right\"><\/div><div class=\"envira-gallery-position-overlay  envira-gallery-bottom-left\"><\/div><div class=\"envira-gallery-position-overlay  envira-gallery-bottom-right\"><\/div><a href=\"https:\/\/freiburgerbsv.de\/wp-content\/uploads\/2025\/11\/Emmendingen_TT_9-Nov-2024-8-scaled.jpg\" class=\"envira-gallery-1404 envira-gallery-link\" rel=\"enviragallery1404\" title=\"Emmendingen_TT_9-Nov-2024 (8)\" data-envira-caption=\"Emmendingen_TT_9-Nov-2024 (8)\" data-envira-retina=\"\" data-thumbnail=\"\"  itemprop=\"contentUrl\"><div class=\"envira-lazy\" data-test-width=\"640\" data-test-height=\"480\" style=\"padding-bottom:75%;\"><img decoding=\"async\" id=\"envira-gallery-image-629\" class=\"envira-gallery-image envira-gallery-image-5\" data-envira-index=\"5\" src=\"https:\/\/freiburgerbsv.de\/wp-content\/uploads\/2025\/11\/Emmendingen_TT_9-Nov-2024-8-1024x768-640x480.jpg\" data-envira-src=\"https:\/\/freiburgerbsv.de\/wp-content\/uploads\/2025\/11\/Emmendingen_TT_9-Nov-2024-8-1024x768-640x480.jpg\" data-envira-gallery-id=\"1404\" data-envira-item-id=\"629\" data-envira-caption=\"Emmendingen_TT_9-Nov-2024 (8)\" alt=\"\" title=\"Emmendingen_TT_9-Nov-2024 (8)\" itemprop=\"thumbnailUrl\" data-envira-srcset=\"https:\/\/freiburgerbsv.de\/wp-content\/uploads\/2025\/11\/Emmendingen_TT_9-Nov-2024-8-1024x768-640x480.jpg 400w,https:\/\/freiburgerbsv.de\/wp-content\/uploads\/2025\/11\/Emmendingen_TT_9-Nov-2024-8-1024x768-640x480.jpg 2x\" srcset=\"data:image\/gif;base64,R0lGODlhAQABAIAAAP\/\/\/\/\/\/\/yH5BAEKAAEALAAAAAABAAEAAAICTAEAOw==\" data-envira-><\/div><\/a><\/div><\/div><div id=\"envira-gallery-item-622\" class=\"envira-gallery-item enviratope-item envira-gallery-item-6 envira-lazy-load\" style=\"padding-left: 8px; padding-bottom: 15px; padding-right: 8px;\"  itemscope itemtype=\"https:\/\/schema.org\/ImageObject\"><div class=\"envira-gallery-item-inner\"><div class=\"envira-gallery-position-overlay  envira-gallery-top-left\"><\/div><div class=\"envira-gallery-position-overlay  envira-gallery-top-right\"><\/div><div class=\"envira-gallery-position-overlay  envira-gallery-bottom-left\"><\/div><div class=\"envira-gallery-position-overlay  envira-gallery-bottom-right\"><\/div><a href=\"https:\/\/freiburgerbsv.de\/wp-content\/uploads\/2025\/11\/Emmendingen_TT_9-Nov-2024-1-scaled.jpg\" class=\"envira-gallery-1404 envira-gallery-link\" rel=\"enviragallery1404\" title=\"Emmendingen_TT_9-Nov-2024 (1)\" data-envira-caption=\"Emmendingen_TT_9-Nov-2024 (1)\" data-envira-retina=\"\" data-thumbnail=\"\"  itemprop=\"contentUrl\"><div class=\"envira-lazy\" data-test-width=\"640\" data-test-height=\"480\" style=\"padding-bottom:75%;\"><img decoding=\"async\" id=\"envira-gallery-image-622\" class=\"envira-gallery-image envira-gallery-image-6\" data-envira-index=\"6\" src=\"https:\/\/freiburgerbsv.de\/wp-content\/uploads\/2025\/11\/Emmendingen_TT_9-Nov-2024-1-768x1024-640x480.jpg\" data-envira-src=\"https:\/\/freiburgerbsv.de\/wp-content\/uploads\/2025\/11\/Emmendingen_TT_9-Nov-2024-1-768x1024-640x480.jpg\" data-envira-gallery-id=\"1404\" data-envira-item-id=\"622\" data-envira-caption=\"Emmendingen_TT_9-Nov-2024 (1)\" alt=\"\" title=\"Emmendingen_TT_9-Nov-2024 (1)\" itemprop=\"thumbnailUrl\" data-envira-srcset=\"https:\/\/freiburgerbsv.de\/wp-content\/uploads\/2025\/11\/Emmendingen_TT_9-Nov-2024-1-768x1024-640x480.jpg 400w,https:\/\/freiburgerbsv.de\/wp-content\/uploads\/2025\/11\/Emmendingen_TT_9-Nov-2024-1-768x1024-640x480.jpg 2x\" srcset=\"data:image\/gif;base64,R0lGODlhAQABAIAAAP\/\/\/\/\/\/\/yH5BAEKAAEALAAAAAABAAEAAAICTAEAOw==\" data-envira-><\/div><\/a><\/div><\/div><\/div><\/div><noscript><img decoding=\"async\" src=\"https:\/\/freiburgerbsv.de\/wp-content\/uploads\/2025\/11\/Emmendingen_TT_9-Nov-2024-14.jpg\" alt=\"\" title=\"\"><img decoding=\"async\" src=\"https:\/\/freiburgerbsv.de\/wp-content\/uploads\/2025\/11\/Emmendingen_TT_9-Nov-2024-13.jpg\" alt=\"\" title=\"\"><img decoding=\"async\" src=\"https:\/\/freiburgerbsv.de\/wp-content\/uploads\/2025\/11\/Emmendingen_TT_9-Nov-2024-11.jpg\" alt=\"\" title=\"\"><img decoding=\"async\" src=\"https:\/\/freiburgerbsv.de\/wp-content\/uploads\/2025\/11\/Emmendingen_TT_9-Nov-2024-5-scaled.jpg\" alt=\"\" title=\"\"><img decoding=\"async\" src=\"https:\/\/freiburgerbsv.de\/wp-content\/uploads\/2025\/11\/Emmendingen_TT_9-Nov-2024-8-scaled.jpg\" alt=\"\" title=\"\"><img decoding=\"async\" src=\"https:\/\/freiburgerbsv.de\/wp-content\/uploads\/2025\/11\/Emmendingen_TT_9-Nov-2024-1-scaled.jpg\" alt=\"\" title=\"\"><\/noscript>\n<div class=\"pdfprnt-buttons pdfprnt-buttons-page pdfprnt-bottom-right\"><a href=\"https:\/\/freiburgerbsv.de\/index.php\/wp-json\/wp\/v2\/pages\/617?print=pdf\" class=\"pdfprnt-button pdfprnt-button-pdf\" target=\"_blank\" ><\/a><a href=\"https:\/\/freiburgerbsv.de\/index.php\/wp-json\/wp\/v2\/pages\/617?print=print\" class=\"pdfprnt-button pdfprnt-button-print\" target=\"_blank\" ><img decoding=\"async\" src=\"https:\/\/freiburgerbsv.de\/wp-content\/plugins\/pdf-print\/images\/print.png\" alt=\"image_print\" title=\"Inhalt drucken\" \/><\/a><\/div>","protected":false},"excerpt":{"rendered":"<p>9. November 2025: Eindr\u00fccke vom Gro\u00dftauschtag in Emmendingen Am Sonntag, den 9. November, verwandelte sich die Fritz-Boehle-Halle in Emmendingen in [&hellip;]<\/p>\n","protected":false},"author":1,"featured_media":0,"parent":0,"menu_order":0,"comment_status":"closed","ping_status":"closed","template":"","meta":{"_crdt_document":"","site-sidebar-layout":"default","site-content-layout":"","ast-site-content-layout":"default","site-content-style":"default","site-sidebar-style":"default","ast-global-header-display":"","ast-banner-title-visibility":"","ast-main-header-display":"","ast-hfb-above-header-display":"","ast-hfb-below-header-display":"","ast-hfb-mobile-header-display":"","site-post-title":"","ast-breadcrumbs-content":"","ast-featured-img":"","footer-sml-layout":"","ast-disable-related-posts":"","theme-transparent-header-meta":"default","adv-header-id-meta":"","stick-header-meta":"","header-above-stick-meta":"","header-main-stick-meta":"","header-below-stick-meta":"","astra-migrate-meta-layouts":"set","ast-page-background-enabled":"default","ast-page-background-meta":{"desktop":{"background-color":"var(--ast-global-color-5)","background-image":"","background-repeat":"repeat","background-position":"center center","background-size":"auto","background-attachment":"scroll","background-type":"","background-media":"","overlay-type":"","overlay-color":"","overlay-opacity":"","overlay-gradient":""},"tablet":{"background-color":"","background-image":"","background-repeat":"repeat","background-position":"center center","background-size":"auto","background-attachment":"scroll","background-type":"","background-media":"","overlay-type":"","overlay-color":"","overlay-opacity":"","overlay-gradient":""},"mobile":{"background-color":"","background-image":"","background-repeat":"repeat","background-position":"center center","background-size":"auto","background-attachment":"scroll","background-type":"","background-media":"","overlay-type":"","overlay-color":"","overlay-opacity":"","overlay-gradient":""}},"ast-content-background-meta":{"desktop":{"background-color":"var(--ast-global-color-4)","background-image":"","background-repeat":"repeat","background-position":"center center","background-size":"auto","background-attachment":"scroll","background-type":"","background-media":"","overlay-type":"","overlay-color":"","overlay-opacity":"","overlay-gradient":""},"tablet":{"background-color":"var(--ast-global-color-4)","background-image":"","background-repeat":"repeat","background-position":"center center","background-size":"auto","background-attachment":"scroll","background-type":"","background-media":"","overlay-type":"","overlay-color":"","overlay-opacity":"","overlay-gradient":""},"mobile":{"background-color":"var(--ast-global-color-4)","background-image":"","background-repeat":"repeat","background-position":"center center","background-size":"auto","background-attachment":"scroll","background-type":"","background-media":"","overlay-type":"","overlay-color":"","overlay-opacity":"","overlay-gradient":""}},"footnotes":""},"class_list":["post-617","page","type-page","status-publish","hentry"],"_links":{"self":[{"href":"https:\/\/freiburgerbsv.de\/index.php\/wp-json\/wp\/v2\/pages\/617","targetHints":{"allow":["GET"]}}],"collection":[{"href":"https:\/\/freiburgerbsv.de\/index.php\/wp-json\/wp\/v2\/pages"}],"about":[{"href":"https:\/\/freiburgerbsv.de\/index.php\/wp-json\/wp\/v2\/types\/page"}],"author":[{"embeddable":true,"href":"https:\/\/freiburgerbsv.de\/index.php\/wp-json\/wp\/v2\/users\/1"}],"replies":[{"embeddable":true,"href":"https:\/\/freiburgerbsv.de\/index.php\/wp-json\/wp\/v2\/comments?post=617"}],"version-history":[{"count":15,"href":"https:\/\/freiburgerbsv.de\/index.php\/wp-json\/wp\/v2\/pages\/617\/revisions"}],"predecessor-version":[{"id":1463,"href":"https:\/\/freiburgerbsv.de\/index.php\/wp-json\/wp\/v2\/pages\/617\/revisions\/1463"}],"wp:attachment":[{"href":"https:\/\/freiburgerbsv.de\/index.php\/wp-json\/wp\/v2\/media?parent=617"}],"curies":[{"name":"wp","href":"https:\/\/api.w.org\/{rel}","templated":true}]}}