{"id":553,"date":"2025-09-01T19:16:27","date_gmt":"2025-09-01T19:16:27","guid":{"rendered":"https:\/\/freiburgerbsv.de\/?page_id=553"},"modified":"2026-03-21T14:46:25","modified_gmt":"2026-03-21T14:46:25","slug":"angrenzendes-frankreich","status":"publish","type":"page","link":"https:\/\/freiburgerbsv.de\/index.php\/angrenzendes-frankreich\/","title":{"rendered":"Angrenzendes FRANKREICH"},"content":{"rendered":"<p><img loading=\"lazy\" decoding=\"async\" class=\"alignnone size-full wp-image-1485\" src=\"https:\/\/freiburgerbsv.de\/wp-content\/uploads\/2026\/03\/flyer_neuf-brisach_1-Mai-2026.jpg\" alt=\"\" width=\"600\" height=\"849\" title=\"\" srcset=\"https:\/\/freiburgerbsv.de\/wp-content\/uploads\/2026\/03\/flyer_neuf-brisach_1-Mai-2026.jpg 600w, https:\/\/freiburgerbsv.de\/wp-content\/uploads\/2026\/03\/flyer_neuf-brisach_1-Mai-2026-212x300.jpg 212w\" sizes=\"auto, (max-width: 600px) 100vw, 600px\" \/><img loading=\"lazy\" decoding=\"async\" class=\"alignnone size-full wp-image-1530\" src=\"https:\/\/freiburgerbsv.de\/wp-content\/uploads\/2026\/03\/FLYER_Societe_Philatelique_Colmar_10-Mai-2026.jpg\" alt=\"\" width=\"585\" height=\"822\" title=\"\" srcset=\"https:\/\/freiburgerbsv.de\/wp-content\/uploads\/2026\/03\/FLYER_Societe_Philatelique_Colmar_10-Mai-2026.jpg 585w, https:\/\/freiburgerbsv.de\/wp-content\/uploads\/2026\/03\/FLYER_Societe_Philatelique_Colmar_10-Mai-2026-214x300.jpg 214w\" sizes=\"auto, (max-width: 585px) 100vw, 585px\" \/><\/p>\n<p><span style=\"font-size: 24pt;\"><strong><span style=\"color: #008000;\">Kalender der Veranstaltungen f\u00fcr das erste Halbjahr 2026:<\/span><\/strong><\/span><\/p>\n<p><strong><span style=\"font-size: 18pt;\"><span style=\"color: #0000ff;\"><a style=\"color: #0000ff;\" href=\"https:\/\/freiburgerbsv.de\/wp-content\/uploads\/2026\/02\/calendrier_2026_1_Maer.pdf\" target=\"_blank\" rel=\"noopener\">TERMINE Neues Update vom 19 Feb 2026<\/a><\/span><\/span><\/strong><span style=\"font-size: 18pt;\">\u00a0<\/span> \u00a0<span style=\"font-size: 14pt;\">[erstellt von der Philatelistischen und Postkartensammler Vereinigung Wittelsheim (F)]<\/span><\/p>\n<p><span style=\"font-size: 18pt;\"><span style=\"color: #0000ff;\"><strong><a style=\"color: #0000ff;\" href=\"https:\/\/freiburgerbsv.de\/wp-content\/uploads\/2026\/02\/Societe_Philatelique_Colmar_Maerz-2026.pdf\" target=\"_blank\" rel=\"noopener\">Veranstaltungsflyer<\/a><\/strong><\/span> Soci\u00e9t\u00e9 Philat\u00e9lique de <strong>Colmar f\u00fcr M\u00e4rz und April 2026<\/strong><\/span><\/p>\n<p>&nbsp;<\/p>\n<h4><strong><span style=\"font-size: 24pt; color: #008000;\">N\u00fctzliche Verkn\u00fcpfungen zur IG-Philatelie Regio in Frankreich<\/span><\/strong><\/h4>\n<ul>\n<li><span style=\"font-size: 18pt;\">Philatelistes de <strong>Neuf-Brisach<\/strong> (APNE, <span style=\"color: #0000ff;\"><strong>FRANKREICH<\/strong><\/span>)\u00a0 <span style=\"color: #0000ff;\"><a style=\"color: #0000ff;\" href=\"https:\/\/www.apne.info\/\" target=\"_blank\" rel=\"noopener\">www.apne.info\/<\/a><\/span><\/span><\/li>\n<li><span style=\"font-size: 18pt;\">Association philat\u00e9lique regio <strong>Saint Louis<\/strong> (<span style=\"color: #0000ff;\"><strong>FRANKREICH<\/strong><\/span>)\u00a0 \u00a0<span style=\"color: #0000ff;\"><a style=\"color: #0000ff;\" href=\"https:\/\/apcnr-saint-louis.over-blog.com\/\" target=\"_blank\" rel=\"noopener\">https:\/\/apcnr-saint-louis.over-blog.com\/<\/a><\/span><\/span><\/li>\n<li><span style=\"font-size: 18pt;\">Soci\u00e9t\u00e9 Philat\u00e9lique de <strong>Colmar<\/strong> (APCNR, <span style=\"color: #0000ff;\"><strong>FRANKREICH<\/strong><\/span>)\u00a0 <span style=\"color: #0000ff;\"><a style=\"color: #0000ff;\" href=\"https:\/\/spc.asso68.fr\/\" target=\"_blank\" rel=\"noopener\">https:\/\/spc.asso68.fr\/<\/a><\/span><\/span><\/li>\n<\/ul>\n<p>&nbsp;<\/p>\n<p><img loading=\"lazy\" decoding=\"async\" class=\"alignnone size-full wp-image-1023 aligncenter\" src=\"https:\/\/freiburgerbsv.de\/wp-content\/uploads\/2026\/02\/1974_Colmar.webp\" alt=\"\" width=\"237\" height=\"372\" title=\"\" srcset=\"https:\/\/freiburgerbsv.de\/wp-content\/uploads\/2026\/02\/1974_Colmar.webp 237w, https:\/\/freiburgerbsv.de\/wp-content\/uploads\/2026\/02\/1974_Colmar-191x300.webp 191w\" sizes=\"auto, (max-width: 237px) 100vw, 237px\" \/><\/p>\n<p>&nbsp;<\/p>\n<div class=\"pdfprnt-buttons pdfprnt-buttons-page pdfprnt-bottom-right\"><a href=\"https:\/\/freiburgerbsv.de\/index.php\/wp-json\/wp\/v2\/pages\/553?print=pdf\" class=\"pdfprnt-button pdfprnt-button-pdf\" target=\"_blank\"><\/a><a href=\"https:\/\/freiburgerbsv.de\/index.php\/wp-json\/wp\/v2\/pages\/553?print=print\" class=\"pdfprnt-button pdfprnt-button-print\" target=\"_blank\"><img decoding=\"async\" src=\"https:\/\/freiburgerbsv.de\/wp-content\/plugins\/pdf-print\/images\/print.png\" alt=\"image_print\" title=\"Inhalt drucken\" \/><\/a><\/div>","protected":false},"excerpt":{"rendered":"<p>Kalender der Veranstaltungen f\u00fcr das erste Halbjahr 2026: TERMINE Neues Update vom 19 Feb 2026\u00a0 \u00a0[erstellt von der Philatelistischen und [&hellip;]<\/p>\n","protected":false},"author":1,"featured_media":0,"parent":0,"menu_order":0,"comment_status":"closed","ping_status":"closed","template":"","meta":{"_crdt_document":"","site-sidebar-layout":"default","site-content-layout":"","ast-site-content-layout":"default","site-content-style":"default","site-sidebar-style":"default","ast-global-header-display":"","ast-banner-title-visibility":"","ast-main-header-display":"","ast-hfb-above-header-display":"","ast-hfb-below-header-display":"","ast-hfb-mobile-header-display":"","site-post-title":"","ast-breadcrumbs-content":"","ast-featured-img":"","footer-sml-layout":"","ast-disable-related-posts":"","theme-transparent-header-meta":"default","adv-header-id-meta":"","stick-header-meta":"","header-above-stick-meta":"","header-main-stick-meta":"","header-below-stick-meta":"","astra-migrate-meta-layouts":"set","ast-page-background-enabled":"default","ast-page-background-meta":{"desktop":{"background-color":"var(--ast-global-color-5)","background-image":"","background-repeat":"repeat","background-position":"center center","background-size":"auto","background-attachment":"scroll","background-type":"","background-media":"","overlay-type":"","overlay-color":"","overlay-opacity":"","overlay-gradient":""},"tablet":{"background-color":"","background-image":"","background-repeat":"repeat","background-position":"center center","background-size":"auto","background-attachment":"scroll","background-type":"","background-media":"","overlay-type":"","overlay-color":"","overlay-opacity":"","overlay-gradient":""},"mobile":{"background-color":"","background-image":"","background-repeat":"repeat","background-position":"center center","background-size":"auto","background-attachment":"scroll","background-type":"","background-media":"","overlay-type":"","overlay-color":"","overlay-opacity":"","overlay-gradient":""}},"ast-content-background-meta":{"desktop":{"background-color":"var(--ast-global-color-4)","background-image":"","background-repeat":"repeat","background-position":"center center","background-size":"auto","background-attachment":"scroll","background-type":"","background-media":"","overlay-type":"","overlay-color":"","overlay-opacity":"","overlay-gradient":""},"tablet":{"background-color":"var(--ast-global-color-4)","background-image":"","background-repeat":"repeat","background-position":"center center","background-size":"auto","background-attachment":"scroll","background-type":"","background-media":"","overlay-type":"","overlay-color":"","overlay-opacity":"","overlay-gradient":""},"mobile":{"background-color":"var(--ast-global-color-4)","background-image":"","background-repeat":"repeat","background-position":"center center","background-size":"auto","background-attachment":"scroll","background-type":"","background-media":"","overlay-type":"","overlay-color":"","overlay-opacity":"","overlay-gradient":""}},"footnotes":""},"class_list":["post-553","page","type-page","status-publish","hentry"],"_links":{"self":[{"href":"https:\/\/freiburgerbsv.de\/index.php\/wp-json\/wp\/v2\/pages\/553","targetHints":{"allow":["GET"]}}],"collection":[{"href":"https:\/\/freiburgerbsv.de\/index.php\/wp-json\/wp\/v2\/pages"}],"about":[{"href":"https:\/\/freiburgerbsv.de\/index.php\/wp-json\/wp\/v2\/types\/page"}],"author":[{"embeddable":true,"href":"https:\/\/freiburgerbsv.de\/index.php\/wp-json\/wp\/v2\/users\/1"}],"replies":[{"embeddable":true,"href":"https:\/\/freiburgerbsv.de\/index.php\/wp-json\/wp\/v2\/comments?post=553"}],"version-history":[{"count":44,"href":"https:\/\/freiburgerbsv.de\/index.php\/wp-json\/wp\/v2\/pages\/553\/revisions"}],"predecessor-version":[{"id":1532,"href":"https:\/\/freiburgerbsv.de\/index.php\/wp-json\/wp\/v2\/pages\/553\/revisions\/1532"}],"wp:attachment":[{"href":"https:\/\/freiburgerbsv.de\/index.php\/wp-json\/wp\/v2\/media?parent=553"}],"curies":[{"name":"wp","href":"https:\/\/api.w.org\/{rel}","templated":true}]}}