{"id":26,"date":"2025-07-08T12:35:11","date_gmt":"2025-07-08T12:35:11","guid":{"rendered":"https:\/\/freiburgerbsv.de\/?page_id=26"},"modified":"2026-04-11T08:27:14","modified_gmt":"2026-04-11T08:27:14","slug":"123-2","status":"publish","type":"page","link":"https:\/\/freiburgerbsv.de\/","title":{"rendered":""},"content":{"rendered":"<h2><span style=\"font-size: 18pt;\"><span style=\"color: #993300;\"><em>Sei wie eine Briefmarke. Bleib an einer Sache dran, bis Du am Ziel bist.<\/em><\/span>\u00a0(Josh Billings, US)<\/span><\/h2>\n<p><img loading=\"lazy\" decoding=\"async\" class=\"alignnone size-full wp-image-973\" src=\"https:\/\/freiburgerbsv.de\/wp-content\/uploads\/2026\/01\/Freiburg_1970.webp\" alt=\"\" width=\"1025\" height=\"616\" title=\"\" srcset=\"https:\/\/freiburgerbsv.de\/wp-content\/uploads\/2026\/01\/Freiburg_1970.webp 1025w, https:\/\/freiburgerbsv.de\/wp-content\/uploads\/2026\/01\/Freiburg_1970-300x180.webp 300w, https:\/\/freiburgerbsv.de\/wp-content\/uploads\/2026\/01\/Freiburg_1970-768x462.webp 768w\" sizes=\"auto, (max-width: 1025px) 100vw, 1025px\" \/><\/p>\n<p>&nbsp;<\/p>\n<h2><span style=\"font-size: 24pt;\">Herzlich willkommen beim<\/span><\/h2>\n<h2><span style=\"font-size: 24pt;\"><strong>Frei<\/strong><\/span><strong style=\"font-size: 24pt;\">burger Briefmarken-Sammler-Verein <\/strong><strong style=\"font-size: 24pt;\">1898 e.V. (FBSV 1898 e.V.)<\/strong><\/h2>\n<h2 style=\"font-style: normal;\"><img loading=\"lazy\" decoding=\"async\" class=\"wp-image-998 aligncenter\" src=\"https:\/\/freiburgerbsv.de\/wp-content\/uploads\/2026\/02\/LOGO_FBSV_70_jahre_BUNT.webp\" alt=\"\" width=\"546\" height=\"485\" title=\"\" srcset=\"https:\/\/freiburgerbsv.de\/wp-content\/uploads\/2026\/02\/LOGO_FBSV_70_jahre_BUNT.webp 410w, https:\/\/freiburgerbsv.de\/wp-content\/uploads\/2026\/02\/LOGO_FBSV_70_jahre_BUNT-300x266.webp 300w\" sizes=\"auto, (max-width: 546px) 100vw, 546px\" \/><\/h2>\n<p><span style=\"font-size: 18pt;\">Der <\/span><span style=\"font-size: 18pt;\">Freibu<\/span><span style=\"font-size: 18pt;\">rger Briefmarken-Sammler-Verein 1898 e.V. (FBSV 1898 e.V.) ist der \u00e4lteste von derzeit zwei Briefmarkensammler-Vereinen in Freiburg im Breisgau. Er z\u00e4hlt zu den trad<\/span><span style=\"font-size: 18pt;\">itionsreichsten noch aktiven Vereinen der Stadt.<\/span><\/p>\n<p>&nbsp;<\/p>\n<p><span style=\"font-size: 18pt;\">Der Verein ist Mitglied im <em><a href=\"https:\/\/www.bdph.de\" target=\"_blank\" rel=\"noopener\"><span style=\"color: #0000ff;\"><strong>Bund Deutscher Philatelisten (BDPh<\/strong><\/span>)<\/a><\/em> und im <em><span style=\"color: #0000ff;\"><strong><a style=\"color: #0000ff;\" href=\"https:\/\/www.briefmarken-suedwest.de\" target=\"_blank\" rel=\"noopener\">Landesverband S\u00fcdwest (LSW)<\/a><\/strong><\/span><\/em> sowie l\u00e4nder\u00fcbergreifend in der <em><strong><span style=\"color: #0000ff;\"><a style=\"color: #0000ff;\" href=\"https:\/\/www.regiophila.eu\/\" target=\"_blank\" rel=\"noopener\">Interessengemeinschaft Philatelie in der Regio (IG-Philatelie Regio)<\/a><\/span><\/strong><\/em>.<\/span><\/p>\n<p><img loading=\"lazy\" decoding=\"async\" class=\"alignnone size-full wp-image-1216\" src=\"https:\/\/freiburgerbsv.de\/wp-content\/uploads\/2026\/03\/GTT_Freiburg_April_2026_1.webp\" alt=\"\" width=\"1249\" height=\"930\" title=\"\" srcset=\"https:\/\/freiburgerbsv.de\/wp-content\/uploads\/2026\/03\/GTT_Freiburg_April_2026_1.webp 1249w, https:\/\/freiburgerbsv.de\/wp-content\/uploads\/2026\/03\/GTT_Freiburg_April_2026_1-300x223.webp 300w, https:\/\/freiburgerbsv.de\/wp-content\/uploads\/2026\/03\/GTT_Freiburg_April_2026_1-1024x762.webp 1024w, https:\/\/freiburgerbsv.de\/wp-content\/uploads\/2026\/03\/GTT_Freiburg_April_2026_1-768x572.webp 768w\" sizes=\"auto, (max-width: 1249px) 100vw, 1249px\" \/><\/p>\n<p><img loading=\"lazy\" decoding=\"async\" class=\" wp-image-1738 alignleft\" src=\"https:\/\/freiburgerbsv.de\/wp-content\/uploads\/2026\/04\/GTT-April-2026-Stempel.jpg\" alt=\"\" width=\"578\" height=\"461\" title=\"\" srcset=\"https:\/\/freiburgerbsv.de\/wp-content\/uploads\/2026\/04\/GTT-April-2026-Stempel.jpg 639w, https:\/\/freiburgerbsv.de\/wp-content\/uploads\/2026\/04\/GTT-April-2026-Stempel-300x239.jpg 300w\" sizes=\"auto, (max-width: 578px) 100vw, 578px\" \/><\/p>\n<p>&nbsp;<\/p>\n<p><span style=\"font-size: 36pt;\">Sonderpostamt mit Sonderstempel:<\/span><\/p>\n<p>&nbsp;<\/p>\n<p><span style=\"font-size: 36pt; color: #008000;\"><strong>125 Jahre Freiburger Stra\u00dfenbahn<\/strong><\/span><\/p>\n<p>&nbsp;<\/p>\n<p>&nbsp;<\/p>\n<p data-start=\"103\" data-end=\"131\"><span style=\"color: #800080; font-size: 18pt;\"><strong data-start=\"103\" data-end=\"131\">Hinweis in eigener Sache<\/strong><\/span><\/p>\n<p data-start=\"133\" data-end=\"307\"><span style=\"color: #800080; font-size: 18pt;\">Wir erhalten regelm\u00e4\u00dfig Anfragen zu geerbten Briefmarken und Sammlungen. In vielen F\u00e4llen verf\u00fcgen die Erben \u00fcber wenig oder keine Erfahrung im Umgang mit solchen Nachl\u00e4ssen.<\/span><\/p>\n<p data-start=\"309\" data-end=\"529\"><span style=\"color: #800080; font-size: 18pt;\">Gerne unterst\u00fctzen wir Sie dabei: Bringen Sie Ihre Sammlung einfach zu einem der <strong><span style=\"color: #0000ff;\"><a style=\"color: #0000ff;\" href=\"https:\/\/freiburgerbsv.de\/index.php\/termine\/\" target=\"_blank\" rel=\"noopener\">Termine der in Ihrer N\u00e4he aufgef\u00fchrten Tauschabende<\/a><\/span><\/strong> mit (Bitte um vorherige Kontaktaufnahme). Vor Ort k\u00f6nnen wir den m\u00f6glichen Wert einsch\u00e4tzen und Sie bei Bedarf auch bei einer Ver\u00e4u\u00dferung beraten.<\/span><\/p>\n<p>&nbsp;<\/p>\n<div class=\"pdfprnt-buttons pdfprnt-buttons-page pdfprnt-bottom-right\"><a href=\"https:\/\/freiburgerbsv.de\/index.php\/wp-json\/wp\/v2\/pages\/26?print=pdf\" class=\"pdfprnt-button pdfprnt-button-pdf\" target=\"_blank\"><\/a><a href=\"https:\/\/freiburgerbsv.de\/index.php\/wp-json\/wp\/v2\/pages\/26?print=print\" class=\"pdfprnt-button pdfprnt-button-print\" target=\"_blank\"><img decoding=\"async\" src=\"https:\/\/freiburgerbsv.de\/wp-content\/plugins\/pdf-print\/images\/print.png\" alt=\"image_print\" title=\"Inhalt drucken\" \/><\/a><\/div>","protected":false},"excerpt":{"rendered":"<p>Sei wie eine Briefmarke. Bleib an einer Sache dran, bis Du am Ziel bist.\u00a0(Josh Billings, US) &nbsp; Herzlich willkommen beim [&hellip;]<\/p>\n","protected":false},"author":1,"featured_media":0,"parent":0,"menu_order":0,"comment_status":"closed","ping_status":"closed","template":"","meta":{"_crdt_document":"","site-sidebar-layout":"default","site-content-layout":"","ast-site-content-layout":"default","site-content-style":"default","site-sidebar-style":"default","ast-global-header-display":"","ast-banner-title-visibility":"","ast-main-header-display":"","ast-hfb-above-header-display":"","ast-hfb-below-header-display":"","ast-hfb-mobile-header-display":"","site-post-title":"","ast-breadcrumbs-content":"","ast-featured-img":"","footer-sml-layout":"","ast-disable-related-posts":"","theme-transparent-header-meta":"default","adv-header-id-meta":"","stick-header-meta":"","header-above-stick-meta":"","header-main-stick-meta":"","header-below-stick-meta":"","astra-migrate-meta-layouts":"set","ast-page-background-enabled":"default","ast-page-background-meta":{"desktop":{"background-color":"var(--ast-global-color-5)","background-image":"","background-repeat":"repeat","background-position":"center center","background-size":"auto","background-attachment":"scroll","background-type":"","background-media":"","overlay-type":"","overlay-color":"","overlay-opacity":"","overlay-gradient":""},"tablet":{"background-color":"","background-image":"","background-repeat":"repeat","background-position":"center center","background-size":"auto","background-attachment":"scroll","background-type":"","background-media":"","overlay-type":"","overlay-color":"","overlay-opacity":"","overlay-gradient":""},"mobile":{"background-color":"","background-image":"","background-repeat":"repeat","background-position":"center center","background-size":"auto","background-attachment":"scroll","background-type":"","background-media":"","overlay-type":"","overlay-color":"","overlay-opacity":"","overlay-gradient":""}},"ast-content-background-meta":{"desktop":{"background-color":"var(--ast-global-color-4)","background-image":"","background-repeat":"repeat","background-position":"center center","background-size":"auto","background-attachment":"scroll","background-type":"","background-media":"","overlay-type":"","overlay-color":"","overlay-opacity":"","overlay-gradient":""},"tablet":{"background-color":"var(--ast-global-color-4)","background-image":"","background-repeat":"repeat","background-position":"center center","background-size":"auto","background-attachment":"scroll","background-type":"","background-media":"","overlay-type":"","overlay-color":"","overlay-opacity":"","overlay-gradient":""},"mobile":{"background-color":"var(--ast-global-color-4)","background-image":"","background-repeat":"repeat","background-position":"center center","background-size":"auto","background-attachment":"scroll","background-type":"","background-media":"","overlay-type":"","overlay-color":"","overlay-opacity":"","overlay-gradient":""}},"footnotes":""},"class_list":["post-26","page","type-page","status-publish","hentry"],"_links":{"self":[{"href":"https:\/\/freiburgerbsv.de\/index.php\/wp-json\/wp\/v2\/pages\/26","targetHints":{"allow":["GET"]}}],"collection":[{"href":"https:\/\/freiburgerbsv.de\/index.php\/wp-json\/wp\/v2\/pages"}],"about":[{"href":"https:\/\/freiburgerbsv.de\/index.php\/wp-json\/wp\/v2\/types\/page"}],"author":[{"embeddable":true,"href":"https:\/\/freiburgerbsv.de\/index.php\/wp-json\/wp\/v2\/users\/1"}],"replies":[{"embeddable":true,"href":"https:\/\/freiburgerbsv.de\/index.php\/wp-json\/wp\/v2\/comments?post=26"}],"version-history":[{"count":70,"href":"https:\/\/freiburgerbsv.de\/index.php\/wp-json\/wp\/v2\/pages\/26\/revisions"}],"predecessor-version":[{"id":1793,"href":"https:\/\/freiburgerbsv.de\/index.php\/wp-json\/wp\/v2\/pages\/26\/revisions\/1793"}],"wp:attachment":[{"href":"https:\/\/freiburgerbsv.de\/index.php\/wp-json\/wp\/v2\/media?parent=26"}],"curies":[{"name":"wp","href":"https:\/\/api.w.org\/{rel}","templated":true}]}}