{"id":1344,"date":"2026-03-14T17:05:08","date_gmt":"2026-03-14T17:05:08","guid":{"rendered":"https:\/\/freiburgerbsv.de\/?page_id=1344"},"modified":"2026-04-27T19:17:28","modified_gmt":"2026-04-27T19:17:28","slug":"vereinsnachrichten","status":"publish","type":"page","link":"https:\/\/freiburgerbsv.de\/index.php\/vereinsnachrichten\/","title":{"rendered":"Vereinsnachrichten"},"content":{"rendered":"<header id=\"article__header\" class=\"article-site-plr | txt-center | pb-900\">\n<header id=\"article__header\" class=\"article-site-plr | txt-center | pb-900\">\n<h1 class=\"dy-headline fw-b lh-125\"><span style=\"color: #008000;\">26. April 2026\u00a0 \u00a0&#8211;\u00a0 84. S\u00fcdbadische Sammlerb\u00f6rse in Freiburg<\/span><\/h1>\n<h1><img loading=\"lazy\" decoding=\"async\" class=\"alignnone wp-image-1802\" src=\"https:\/\/freiburgerbsv.de\/wp-content\/uploads\/2026\/04\/Sonderstempel_GTT_Apr-2026.jpg\" alt=\"\" width=\"720\" height=\"678\" title=\"\" srcset=\"https:\/\/freiburgerbsv.de\/wp-content\/uploads\/2026\/04\/Sonderstempel_GTT_Apr-2026.jpg 1063w, https:\/\/freiburgerbsv.de\/wp-content\/uploads\/2026\/04\/Sonderstempel_GTT_Apr-2026-300x283.jpg 300w, https:\/\/freiburgerbsv.de\/wp-content\/uploads\/2026\/04\/Sonderstempel_GTT_Apr-2026-1024x964.jpg 1024w, https:\/\/freiburgerbsv.de\/wp-content\/uploads\/2026\/04\/Sonderstempel_GTT_Apr-2026-768x723.jpg 768w\" sizes=\"auto, (max-width: 720px) 100vw, 720px\" \/><\/h1>\n<p>&nbsp;<\/p>\n<h1 class=\"dy-headline fw-b lh-125\"><span style=\"color: #008000;\">12. April 2026\u00a0 \u00a0&#8211;\u00a0 Kurzbericht von der RegioPhila in L\u00f6rrach<\/span><\/h1>\n<\/header>\n<p class=\"my-2 [&amp;+p]:mt-4 [&amp;_strong:has(+br)]:inline-block [&amp;_strong:has(+br)]:pb-2\"><span style=\"font-size: 18pt;\">Textbeitrag von H-J Isele: <em>&#8222;Die Regiophila 2026 in L\u00f6rrach-Hagen ist beendet. Von D gab es 5 Exponate mit zusammen 14 Rahmen, aus CH 4 Exponate mit 8 Rahmen und aus F 4 Exponate mit 12 Rahmen.\u00a0Dabei waren 2 Kinder vom APCNR Saint Louis mit 8 bzw 10 Jahren.\u00a0Der 3 Preis ging an Rudolf Hofer mit Pr\u00e4historischen R\u00fcsseltieren, der 2. an Dr. Dieter W\u00f6rener mit Island &#8211; geopolitische Lage, Geschichte, L\u00e4ndersammlung und der 1 Platz an Heinz-J\u00fcrgen Isele mit Aerogramme Vorl\u00e4ufer : der Weg zur Ganzsache.&#8220;<\/em><\/span><\/p>\n<p>&nbsp;<\/p>\n<h1 class=\"dy-headline fw-b lh-125\"><span style=\"color: #008000;\">7. M\u00e4rz 2026\u00a0 \u00a0&#8211;\u00a0 \u00a0Neuer Vorsitzender im Freiburger Briefmarken-Sammler-Verein 1898 e.V. (FBSV 1898 e.V.)<\/span><\/h1>\n<\/header>\n<p class=\"my-2 [&amp;+p]:mt-4 [&amp;_strong:has(+br)]:inline-block [&amp;_strong:has(+br)]:pb-2\"><span style=\"font-size: 18pt;\"><img loading=\"lazy\" decoding=\"async\" class=\"wp-image-1789 alignleft\" src=\"https:\/\/freiburgerbsv.de\/wp-content\/uploads\/2026\/04\/Gemini_MV_20261.png\" alt=\"\" width=\"714\" height=\"535\" title=\"\" srcset=\"https:\/\/freiburgerbsv.de\/wp-content\/uploads\/2026\/04\/Gemini_MV_20261.png 1196w, https:\/\/freiburgerbsv.de\/wp-content\/uploads\/2026\/04\/Gemini_MV_20261-300x225.png 300w, https:\/\/freiburgerbsv.de\/wp-content\/uploads\/2026\/04\/Gemini_MV_20261-1024x767.png 1024w, https:\/\/freiburgerbsv.de\/wp-content\/uploads\/2026\/04\/Gemini_MV_20261-768x575.png 768w\" sizes=\"auto, (max-width: 714px) 100vw, 714px\" \/>An der Mitgliederversammlung (MV) des Vereins wurden nach den Berichten \u00fcber die Vereinsarbeit, die Sammlergruppen und die Kassenf\u00fchrung der Vorstand einstimmig entlastet. Ein wichtiger Tagesordnungspunkt war die <span style=\"color: #0000ff;\"><a style=\"color: #0000ff;\" href=\"https:\/\/freiburgerbsv.de\/wp-content\/uploads\/2026\/03\/20260307_V1_Satzung_FBSV_1898.pdf\" target=\"_blank\" rel=\"noopener\">Neufassung der Satzung<\/a><\/span>, die gemeinsam mit dem \u00fcberarbeiteten Mitgliederkategorien einstimmig beschlossen wurde.<\/span><\/p>\n<p class=\"my-2 [&amp;+p]:mt-4 [&amp;_strong:has(+br)]:inline-block [&amp;_strong:has(+br)]:pb-2\"><span style=\"font-size: 18pt;\">Gleichzeitig treten neue <a href=\"https:\/\/freiburgerbsv.de\/wp-content\/uploads\/2026\/03\/20260307_Aufnahmeantrag_FBSV_Final_V1.pdf\" target=\"_blank\" rel=\"noopener\"><span style=\"color: #0000ff;\">Beitr\u00e4gss\u00e4tze<\/span><\/a> in Kraft: Familienmitglieder zahlen k\u00fcnftig einen erm\u00e4\u00dfigten Beitrag, Kinder und Jugendliche bleiben bis zum 27. Lebensjahr beitragsfrei; den Beitrag zum Bundesverband \u00fcbernimmt der Verein.<\/span><\/p>\n<p class=\"my-2 [&amp;+p]:mt-4 [&amp;_strong:has(+br)]:inline-block [&amp;_strong:has(+br)]:pb-2\"><span style=\"font-size: 18pt;\">Nach dem R\u00fccktritt von Heinz-J\u00fcrgen Isele nach 31 Jahren an der Spitze des Vereins wurde Joachim Leonhardt einstimmig zum neuen 1. Vorsitzenden gew\u00e4hlt. Das Amt des Schatzmeisters \u00fcbernahm Michael Kolodziej. Mit weiteren Beisitzern ist der Vorstand nun breiter aufgestellt.<\/span><\/p>\n<h6><span style=\"font-size: 18pt;\">Ehrungen an der MV &#8211; <span style=\"color: #0000ff;\"><a style=\"color: #0000ff;\" href=\"https:\/\/freiburgerbsv.de\/index.php\/ehrungen\/\" target=\"_blank\" rel=\"noopener\">siehe hier<\/a><\/span><\/span><\/h6>\n<p>&nbsp;<\/p>\n<p><span style=\"font-size: 18pt;\"><strong>Kontakt:<\/strong> Joachim Leonhardt, 07667\u00a0 942901, <a style=\"color: #0000ff;\" href=\"mailto:leonhardt@freiburgerbsv.de\" target=\"_blank\" rel=\"noopener\">leonhardt@freiburgerbsv.de<\/a><\/span><\/p>\n<p><strong><span style=\"font-size: 18pt;\"><span style=\"color: #0000ff;\"><a style=\"color: #0000ff;\" href=\"https:\/\/www.badische-zeitung.de\/neuer-vorstand-im-freiburger-briefmarken-sammler-verein-1898\" target=\"_blank\" rel=\"noopener\">Hier geht&#8217;s zum Artikel vom 13. M\u00e4rz 2026 in der App &#8222;BZ-Smart&#8220; (Badische Zeitung)<\/a><\/span>.<\/span><\/strong><\/p>\n<div id=\"envira-gallery-wrap-1618\" class=\"envira-gallery-wrap envira-gallery-theme-base envira-lightbox-theme-base\" itemscope itemtype=\"https:\/\/schema.org\/ImageGallery\"><div data-row-height=\"\" data-gallery-theme=\"\" id=\"envira-gallery-1618\" class=\"envira-gallery-public  envira-gallery-2-columns envira-clear enviratope envira-gallery-css-animations\" data-envira-columns=\"2\"><div id=\"envira-gallery-item-1619\" class=\"envira-gallery-item enviratope-item envira-gallery-item-1 envira-lazy-load\" style=\"padding-left: 5px; padding-bottom: 10px; padding-right: 5px;\"  itemscope itemtype=\"https:\/\/schema.org\/ImageObject\"><div class=\"envira-gallery-item-inner\"><div class=\"envira-gallery-position-overlay  envira-gallery-top-left\"><\/div><div class=\"envira-gallery-position-overlay  envira-gallery-top-right\"><\/div><div class=\"envira-gallery-position-overlay  envira-gallery-bottom-left\"><\/div><div class=\"envira-gallery-position-overlay  envira-gallery-bottom-right\"><\/div><a href=\"https:\/\/freiburgerbsv.de\/wp-content\/uploads\/2026\/03\/MV-1-1-scaled.jpg\" class=\"envira-gallery-1618 envira-gallery-link\" rel=\"enviragallery1618\" title=\"MV (1)\" data-envira-caption=\"MV (1)\" data-envira-retina=\"\" data-thumbnail=\"\" itemprop=\"contentUrl\"><div class=\"envira-lazy\" data-test-width=\"640\" data-test-height=\"480\" style=\"padding-bottom:75%;\"><img decoding=\"async\" id=\"envira-gallery-image-1619\" class=\"envira-gallery-image envira-gallery-image-1\" data-envira-index=\"1\" src=\"https:\/\/freiburgerbsv.de\/wp-content\/uploads\/2026\/03\/MV-1-1-683x1024-640x480.jpg\" data-envira-src=\"https:\/\/freiburgerbsv.de\/wp-content\/uploads\/2026\/03\/MV-1-1-683x1024-640x480.jpg\" data-envira-gallery-id=\"1618\" data-envira-item-id=\"1619\" data-envira-caption=\"MV (1)\" alt=\"\" title=\"MV (1)\" itemprop=\"thumbnailUrl\" data-envira-srcset=\"https:\/\/freiburgerbsv.de\/wp-content\/uploads\/2026\/03\/MV-1-1-683x1024-640x480.jpg 400w,https:\/\/freiburgerbsv.de\/wp-content\/uploads\/2026\/03\/MV-1-1-683x1024-640x480.jpg 2x\" srcset=\"data:image\/gif;base64,R0lGODlhAQABAIAAAP\/\/\/\/\/\/\/yH5BAEKAAEALAAAAAABAAEAAAICTAEAOw==\" data-envira-><\/div><\/a><\/div><\/div><div id=\"envira-gallery-item-1620\" class=\"envira-gallery-item enviratope-item envira-gallery-item-2 envira-lazy-load\" style=\"padding-left: 5px; padding-bottom: 10px; padding-right: 5px;\"  itemscope itemtype=\"https:\/\/schema.org\/ImageObject\"><div class=\"envira-gallery-item-inner\"><div class=\"envira-gallery-position-overlay  envira-gallery-top-left\"><\/div><div class=\"envira-gallery-position-overlay  envira-gallery-top-right\"><\/div><div class=\"envira-gallery-position-overlay  envira-gallery-bottom-left\"><\/div><div class=\"envira-gallery-position-overlay  envira-gallery-bottom-right\"><\/div><a href=\"https:\/\/freiburgerbsv.de\/wp-content\/uploads\/2026\/03\/MV-3-1-scaled.jpg\" class=\"envira-gallery-1618 envira-gallery-link\" rel=\"enviragallery1618\" title=\"MV (3)\" data-envira-caption=\"MV (3)\" data-envira-retina=\"\" data-thumbnail=\"\" itemprop=\"contentUrl\"><div class=\"envira-lazy\" data-test-width=\"640\" data-test-height=\"480\" style=\"padding-bottom:75%;\"><img decoding=\"async\" id=\"envira-gallery-image-1620\" class=\"envira-gallery-image envira-gallery-image-2\" data-envira-index=\"2\" src=\"https:\/\/freiburgerbsv.de\/wp-content\/uploads\/2026\/03\/MV-3-1-683x1024-640x480.jpg\" data-envira-src=\"https:\/\/freiburgerbsv.de\/wp-content\/uploads\/2026\/03\/MV-3-1-683x1024-640x480.jpg\" data-envira-gallery-id=\"1618\" data-envira-item-id=\"1620\" data-envira-caption=\"MV (3)\" alt=\"\" title=\"MV (3)\" itemprop=\"thumbnailUrl\" data-envira-srcset=\"https:\/\/freiburgerbsv.de\/wp-content\/uploads\/2026\/03\/MV-3-1-683x1024-640x480.jpg 400w,https:\/\/freiburgerbsv.de\/wp-content\/uploads\/2026\/03\/MV-3-1-683x1024-640x480.jpg 2x\" srcset=\"data:image\/gif;base64,R0lGODlhAQABAIAAAP\/\/\/\/\/\/\/yH5BAEKAAEALAAAAAABAAEAAAICTAEAOw==\" data-envira-><\/div><\/a><\/div><\/div><div id=\"envira-gallery-item-1621\" class=\"envira-gallery-item enviratope-item envira-gallery-item-3 envira-lazy-load\" style=\"padding-left: 5px; padding-bottom: 10px; padding-right: 5px;\"  itemscope itemtype=\"https:\/\/schema.org\/ImageObject\"><div class=\"envira-gallery-item-inner\"><div class=\"envira-gallery-position-overlay  envira-gallery-top-left\"><\/div><div class=\"envira-gallery-position-overlay  envira-gallery-top-right\"><\/div><div class=\"envira-gallery-position-overlay  envira-gallery-bottom-left\"><\/div><div class=\"envira-gallery-position-overlay  envira-gallery-bottom-right\"><\/div><a href=\"https:\/\/freiburgerbsv.de\/wp-content\/uploads\/2026\/03\/MV-4-1-scaled.jpg\" class=\"envira-gallery-1618 envira-gallery-link\" rel=\"enviragallery1618\" title=\"MV (4)\" data-envira-caption=\"MV (4)\" data-envira-retina=\"\" data-thumbnail=\"\" itemprop=\"contentUrl\"><div class=\"envira-lazy\" data-test-width=\"640\" data-test-height=\"480\" style=\"padding-bottom:75%;\"><img decoding=\"async\" id=\"envira-gallery-image-1621\" class=\"envira-gallery-image envira-gallery-image-3\" data-envira-index=\"3\" src=\"https:\/\/freiburgerbsv.de\/wp-content\/uploads\/2026\/03\/MV-4-1-1024x683-640x480.jpg\" data-envira-src=\"https:\/\/freiburgerbsv.de\/wp-content\/uploads\/2026\/03\/MV-4-1-1024x683-640x480.jpg\" data-envira-gallery-id=\"1618\" data-envira-item-id=\"1621\" data-envira-caption=\"MV (4)\" alt=\"\" title=\"MV (4)\" itemprop=\"thumbnailUrl\" data-envira-srcset=\"https:\/\/freiburgerbsv.de\/wp-content\/uploads\/2026\/03\/MV-4-1-1024x683-640x480.jpg 400w,https:\/\/freiburgerbsv.de\/wp-content\/uploads\/2026\/03\/MV-4-1-1024x683-640x480.jpg 2x\" srcset=\"data:image\/gif;base64,R0lGODlhAQABAIAAAP\/\/\/\/\/\/\/yH5BAEKAAEALAAAAAABAAEAAAICTAEAOw==\" data-envira-><\/div><\/a><\/div><\/div><div id=\"envira-gallery-item-1622\" class=\"envira-gallery-item enviratope-item envira-gallery-item-4 envira-lazy-load\" style=\"padding-left: 5px; padding-bottom: 10px; padding-right: 5px;\"  itemscope itemtype=\"https:\/\/schema.org\/ImageObject\"><div class=\"envira-gallery-item-inner\"><div class=\"envira-gallery-position-overlay  envira-gallery-top-left\"><\/div><div class=\"envira-gallery-position-overlay  envira-gallery-top-right\"><\/div><div class=\"envira-gallery-position-overlay  envira-gallery-bottom-left\"><\/div><div class=\"envira-gallery-position-overlay  envira-gallery-bottom-right\"><\/div><a href=\"https:\/\/freiburgerbsv.de\/wp-content\/uploads\/2026\/03\/MV-5-1-scaled.jpg\" class=\"envira-gallery-1618 envira-gallery-link\" rel=\"enviragallery1618\" title=\"MV (5)\" data-envira-caption=\"MV (5)\" data-envira-retina=\"\" data-thumbnail=\"\" itemprop=\"contentUrl\"><div class=\"envira-lazy\" data-test-width=\"640\" data-test-height=\"480\" style=\"padding-bottom:75%;\"><img decoding=\"async\" id=\"envira-gallery-image-1622\" class=\"envira-gallery-image envira-gallery-image-4\" data-envira-index=\"4\" src=\"https:\/\/freiburgerbsv.de\/wp-content\/uploads\/2026\/03\/MV-5-1-1024x683-640x480.jpg\" data-envira-src=\"https:\/\/freiburgerbsv.de\/wp-content\/uploads\/2026\/03\/MV-5-1-1024x683-640x480.jpg\" data-envira-gallery-id=\"1618\" data-envira-item-id=\"1622\" data-envira-caption=\"MV (5)\" alt=\"\" title=\"MV (5)\" itemprop=\"thumbnailUrl\" data-envira-srcset=\"https:\/\/freiburgerbsv.de\/wp-content\/uploads\/2026\/03\/MV-5-1-1024x683-640x480.jpg 400w,https:\/\/freiburgerbsv.de\/wp-content\/uploads\/2026\/03\/MV-5-1-1024x683-640x480.jpg 2x\" srcset=\"data:image\/gif;base64,R0lGODlhAQABAIAAAP\/\/\/\/\/\/\/yH5BAEKAAEALAAAAAABAAEAAAICTAEAOw==\" data-envira-><\/div><\/a><\/div><\/div><div id=\"envira-gallery-item-1623\" class=\"envira-gallery-item enviratope-item envira-gallery-item-5 envira-lazy-load\" style=\"padding-left: 5px; padding-bottom: 10px; padding-right: 5px;\"  itemscope itemtype=\"https:\/\/schema.org\/ImageObject\"><div class=\"envira-gallery-item-inner\"><div class=\"envira-gallery-position-overlay  envira-gallery-top-left\"><\/div><div class=\"envira-gallery-position-overlay  envira-gallery-top-right\"><\/div><div class=\"envira-gallery-position-overlay  envira-gallery-bottom-left\"><\/div><div class=\"envira-gallery-position-overlay  envira-gallery-bottom-right\"><\/div><a href=\"https:\/\/freiburgerbsv.de\/wp-content\/uploads\/2026\/03\/MV-6-1-scaled.jpg\" class=\"envira-gallery-1618 envira-gallery-link\" rel=\"enviragallery1618\" title=\"MV (6)\" data-envira-caption=\"MV (6)\" data-envira-retina=\"\" data-thumbnail=\"\" itemprop=\"contentUrl\"><div class=\"envira-lazy\" data-test-width=\"640\" data-test-height=\"480\" style=\"padding-bottom:75%;\"><img decoding=\"async\" id=\"envira-gallery-image-1623\" class=\"envira-gallery-image envira-gallery-image-5\" data-envira-index=\"5\" src=\"https:\/\/freiburgerbsv.de\/wp-content\/uploads\/2026\/03\/MV-6-1-1024x768-640x480.jpg\" data-envira-src=\"https:\/\/freiburgerbsv.de\/wp-content\/uploads\/2026\/03\/MV-6-1-1024x768-640x480.jpg\" data-envira-gallery-id=\"1618\" data-envira-item-id=\"1623\" data-envira-caption=\"MV (6)\" alt=\"\" title=\"MV (6)\" itemprop=\"thumbnailUrl\" data-envira-srcset=\"https:\/\/freiburgerbsv.de\/wp-content\/uploads\/2026\/03\/MV-6-1-1024x768-640x480.jpg 400w,https:\/\/freiburgerbsv.de\/wp-content\/uploads\/2026\/03\/MV-6-1-1024x768-640x480.jpg 2x\" srcset=\"data:image\/gif;base64,R0lGODlhAQABAIAAAP\/\/\/\/\/\/\/yH5BAEKAAEALAAAAAABAAEAAAICTAEAOw==\" data-envira-><\/div><\/a><\/div><\/div><div id=\"envira-gallery-item-1624\" class=\"envira-gallery-item enviratope-item envira-gallery-item-6 envira-lazy-load\" style=\"padding-left: 5px; padding-bottom: 10px; padding-right: 5px;\"  itemscope itemtype=\"https:\/\/schema.org\/ImageObject\"><div class=\"envira-gallery-item-inner\"><div class=\"envira-gallery-position-overlay  envira-gallery-top-left\"><\/div><div class=\"envira-gallery-position-overlay  envira-gallery-top-right\"><\/div><div class=\"envira-gallery-position-overlay  envira-gallery-bottom-left\"><\/div><div class=\"envira-gallery-position-overlay  envira-gallery-bottom-right\"><\/div><a href=\"https:\/\/freiburgerbsv.de\/wp-content\/uploads\/2026\/03\/MV-7-1.jpg\" class=\"envira-gallery-1618 envira-gallery-link\" rel=\"enviragallery1618\" title=\"MV (7)\" data-envira-caption=\"MV (7)\" data-envira-retina=\"\" data-thumbnail=\"\" itemprop=\"contentUrl\"><div class=\"envira-lazy\" data-test-width=\"640\" data-test-height=\"480\" style=\"padding-bottom:75%;\"><img decoding=\"async\" id=\"envira-gallery-image-1624\" class=\"envira-gallery-image envira-gallery-image-6\" data-envira-index=\"6\" src=\"https:\/\/freiburgerbsv.de\/wp-content\/uploads\/2026\/03\/MV-7-1-683x1024-640x480.jpg\" data-envira-src=\"https:\/\/freiburgerbsv.de\/wp-content\/uploads\/2026\/03\/MV-7-1-683x1024-640x480.jpg\" data-envira-gallery-id=\"1618\" data-envira-item-id=\"1624\" data-envira-caption=\"MV (7)\" alt=\"\" title=\"MV (7)\" itemprop=\"thumbnailUrl\" data-envira-srcset=\"https:\/\/freiburgerbsv.de\/wp-content\/uploads\/2026\/03\/MV-7-1-683x1024-640x480.jpg 400w,https:\/\/freiburgerbsv.de\/wp-content\/uploads\/2026\/03\/MV-7-1-683x1024-640x480.jpg 2x\" srcset=\"data:image\/gif;base64,R0lGODlhAQABAIAAAP\/\/\/\/\/\/\/yH5BAEKAAEALAAAAAABAAEAAAICTAEAOw==\" data-envira-><\/div><\/a><\/div><\/div><\/div><\/div><noscript><img decoding=\"async\" src=\"https:\/\/freiburgerbsv.de\/wp-content\/uploads\/2026\/03\/MV-1-1-scaled.jpg\" alt=\"\" title=\"\"><img decoding=\"async\" src=\"https:\/\/freiburgerbsv.de\/wp-content\/uploads\/2026\/03\/MV-3-1-scaled.jpg\" alt=\"\" title=\"\"><img decoding=\"async\" src=\"https:\/\/freiburgerbsv.de\/wp-content\/uploads\/2026\/03\/MV-4-1-scaled.jpg\" alt=\"\" title=\"\"><img decoding=\"async\" src=\"https:\/\/freiburgerbsv.de\/wp-content\/uploads\/2026\/03\/MV-5-1-scaled.jpg\" alt=\"\" title=\"\"><img decoding=\"async\" src=\"https:\/\/freiburgerbsv.de\/wp-content\/uploads\/2026\/03\/MV-6-1-scaled.jpg\" alt=\"\" title=\"\"><img decoding=\"async\" src=\"https:\/\/freiburgerbsv.de\/wp-content\/uploads\/2026\/03\/MV-7-1.jpg\" alt=\"\" title=\"\"><\/noscript>\n<div class=\"pdfprnt-buttons pdfprnt-buttons-page pdfprnt-bottom-right\"><a href=\"https:\/\/freiburgerbsv.de\/index.php\/wp-json\/wp\/v2\/pages\/1344?print=pdf\" class=\"pdfprnt-button pdfprnt-button-pdf\" target=\"_blank\"><\/a><a href=\"https:\/\/freiburgerbsv.de\/index.php\/wp-json\/wp\/v2\/pages\/1344?print=print\" class=\"pdfprnt-button pdfprnt-button-print\" target=\"_blank\"><img decoding=\"async\" src=\"https:\/\/freiburgerbsv.de\/wp-content\/plugins\/pdf-print\/images\/print.png\" alt=\"image_print\" title=\"Inhalt drucken\" \/><\/a><\/div>","protected":false},"excerpt":{"rendered":"<p>26. April 2026\u00a0 \u00a0&#8211;\u00a0 84. S\u00fcdbadische Sammlerb\u00f6rse in Freiburg &nbsp; 12. April 2026\u00a0 \u00a0&#8211;\u00a0 Kurzbericht von der RegioPhila in L\u00f6rrach [&hellip;]<\/p>\n","protected":false},"author":1,"featured_media":0,"parent":0,"menu_order":0,"comment_status":"closed","ping_status":"closed","template":"","meta":{"_crdt_document":"","site-sidebar-layout":"default","site-content-layout":"","ast-site-content-layout":"default","site-content-style":"default","site-sidebar-style":"default","ast-global-header-display":"","ast-banner-title-visibility":"","ast-main-header-display":"","ast-hfb-above-header-display":"","ast-hfb-below-header-display":"","ast-hfb-mobile-header-display":"","site-post-title":"","ast-breadcrumbs-content":"","ast-featured-img":"","footer-sml-layout":"","ast-disable-related-posts":"","theme-transparent-header-meta":"default","adv-header-id-meta":"","stick-header-meta":"","header-above-stick-meta":"","header-main-stick-meta":"","header-below-stick-meta":"","astra-migrate-meta-layouts":"set","ast-page-background-enabled":"default","ast-page-background-meta":{"desktop":{"background-color":"var(--ast-global-color-5)","background-image":"","background-repeat":"repeat","background-position":"center center","background-size":"auto","background-attachment":"scroll","background-type":"","background-media":"","overlay-type":"","overlay-color":"","overlay-opacity":"","overlay-gradient":""},"tablet":{"background-color":"","background-image":"","background-repeat":"repeat","background-position":"center center","background-size":"auto","background-attachment":"scroll","background-type":"","background-media":"","overlay-type":"","overlay-color":"","overlay-opacity":"","overlay-gradient":""},"mobile":{"background-color":"","background-image":"","background-repeat":"repeat","background-position":"center center","background-size":"auto","background-attachment":"scroll","background-type":"","background-media":"","overlay-type":"","overlay-color":"","overlay-opacity":"","overlay-gradient":""}},"ast-content-background-meta":{"desktop":{"background-color":"var(--ast-global-color-4)","background-image":"","background-repeat":"repeat","background-position":"center center","background-size":"auto","background-attachment":"scroll","background-type":"","background-media":"","overlay-type":"","overlay-color":"","overlay-opacity":"","overlay-gradient":""},"tablet":{"background-color":"var(--ast-global-color-4)","background-image":"","background-repeat":"repeat","background-position":"center center","background-size":"auto","background-attachment":"scroll","background-type":"","background-media":"","overlay-type":"","overlay-color":"","overlay-opacity":"","overlay-gradient":""},"mobile":{"background-color":"var(--ast-global-color-4)","background-image":"","background-repeat":"repeat","background-position":"center center","background-size":"auto","background-attachment":"scroll","background-type":"","background-media":"","overlay-type":"","overlay-color":"","overlay-opacity":"","overlay-gradient":""}},"footnotes":""},"class_list":["post-1344","page","type-page","status-publish","hentry"],"_links":{"self":[{"href":"https:\/\/freiburgerbsv.de\/index.php\/wp-json\/wp\/v2\/pages\/1344","targetHints":{"allow":["GET"]}}],"collection":[{"href":"https:\/\/freiburgerbsv.de\/index.php\/wp-json\/wp\/v2\/pages"}],"about":[{"href":"https:\/\/freiburgerbsv.de\/index.php\/wp-json\/wp\/v2\/types\/page"}],"author":[{"embeddable":true,"href":"https:\/\/freiburgerbsv.de\/index.php\/wp-json\/wp\/v2\/users\/1"}],"replies":[{"embeddable":true,"href":"https:\/\/freiburgerbsv.de\/index.php\/wp-json\/wp\/v2\/comments?post=1344"}],"version-history":[{"count":68,"href":"https:\/\/freiburgerbsv.de\/index.php\/wp-json\/wp\/v2\/pages\/1344\/revisions"}],"predecessor-version":[{"id":1805,"href":"https:\/\/freiburgerbsv.de\/index.php\/wp-json\/wp\/v2\/pages\/1344\/revisions\/1805"}],"wp:attachment":[{"href":"https:\/\/freiburgerbsv.de\/index.php\/wp-json\/wp\/v2\/media?parent=1344"}],"curies":[{"name":"wp","href":"https:\/\/api.w.org\/{rel}","templated":true}]}}